{"id":2382,"date":"2025-03-05T00:54:21","date_gmt":"2025-03-05T00:54:21","guid":{"rendered":"https:\/\/torresengenhariacivil.com.br\/?page_id=2382"},"modified":"2025-03-07T23:14:32","modified_gmt":"2025-03-07T23:14:32","slug":"avaliacao-de-imoveis","status":"publish","type":"page","link":"https:\/\/torresengenhariacivil.com.br\/?page_id=2382","title":{"rendered":"Avalia\u00e7\u00f5es Imobili\u00e1rias"},"content":{"rendered":"\n<div class=\"wp-block-uagb-container uagb-block-mqwsiwap alignfull uagb-is-root-container\"><div class=\"uagb-container-inner-blocks-wrap\">\n<div class=\"wp-block-uagb-info-box uagb-block-7ycquyqa uagb-infobox__content-wrap  uagb-infobox-icon-above-title uagb-infobox-image-valign-top\"><div class=\"uagb-ifb-content\"><div class=\"uagb-ifb-title-wrap\"><h1 class=\"uagb-ifb-title\"><strong>AVALIA\u00c7\u00d5ES IMOBILI\u00c1RIAS<\/strong><\/h1><\/div><\/div><\/div>\n\n\n\n<div class=\"wp-block-uagb-info-box uagb-block-yxbqnxhz uagb-infobox__content-wrap  uagb-infobox-icon-above-title uagb-infobox-image-valign-top\"><div class=\"uagb-ifb-content\"><div class=\"uagb-ifb-title-wrap\"><\/div><p class=\"uagb-ifb-desc\">A TORRES Engenharia possui amplo conhecimento na \u00e1rea do mercado imobili\u00e1rio.<br>Realiza avalia\u00e7\u00f5es para bancos atrav\u00e9s de credenciamento, e para quaisquer clientes que necessitem deste tipo de trabalho.<\/p><\/div><\/div>\n<\/div><\/div>\n\n\n\n<div class=\"wp-block-uagb-separator uagb-block-fea8936a\"><div class=\"wp-block-uagb-separator__inner\" style=\"--my-background-image:\"><\/div><\/div>\n\n\n\n<div data-aos= \"fade-right\" data-aos-duration=\"400\" data-aos-delay=\"0\" data-aos-easing=\"ease\" data-aos-once=\"true\" class=\"wp-block-uagb-container uagb-block-4tjwtk4r alignfull uagb-is-root-container\"><div class=\"uagb-container-inner-blocks-wrap\">\n<div class=\"wp-block-uagb-info-box uagb-block-10ef6f1c uagb-infobox__content-wrap  uagb-infobox-icon-above-title uagb-infobox-image-valign-top\"><div class=\"uagb-ifb-content\"><div class=\"uagb-ifb-title-wrap\"><h2 class=\"uagb-ifb-title\">Avalia\u00e7\u00f5es <br>Completas de Im\u00f3veis<\/h2><\/div><p class=\"uagb-ifb-desc\">As avalia\u00e7\u00f5es s\u00e3o embasadas na norma <strong>NBR 14653<\/strong>, com vistoria t\u00e9cnica e coleta de dados realizada presencialmente para obten\u00e7\u00e3o do valor de mercado com exatid\u00e3o.<br>As avalia\u00e7\u00f5es de im\u00f3veis devem ser feitas apenas por engenheiros e arquitetos que possuem atribui\u00e7\u00e3o e devida capacita\u00e7\u00e3o;<br>Os laudos fornecidos poder\u00e3o ser da forma completa ou simplificada de acordo com a necessidade de cada caso.<\/p><\/div><\/div>\n\n\n\n<div class=\"wp-block-uagb-image alignleft uagb-block-73e4de65 wp-block-uagb-image--layout-default wp-block-uagb-image--effect-zoomin wp-block-uagb-image--align-left\"><figure class=\"wp-block-uagb-image__figure\"><img decoding=\"async\" srcset=\"https:\/\/torresengenhariacivil.com.br\/wp-content\/uploads\/2025\/03\/imagem_2025-03-04_215406872.png ,https:\/\/torresengenhariacivil.com.br\/wp-content\/uploads\/2025\/03\/imagem_2025-03-04_215406872.png 780w, https:\/\/torresengenhariacivil.com.br\/wp-content\/uploads\/2025\/03\/imagem_2025-03-04_215406872.png 360w\" sizes=\"auto, (max-width: 480px) 150px\" src=\"https:\/\/torresengenhariacivil.com.br\/wp-content\/uploads\/2025\/03\/imagem_2025-03-04_215406872.png\" alt=\"\" class=\"uag-image-2384\" width=\"969\" height=\"450\" title=\"imagem_2025-03-04_215406872\" loading=\"lazy\" role=\"img\"\/><\/figure><\/div>\n<\/div><\/div>\n\n\n\n<div data-aos= \"fade-right\" data-aos-duration=\"400\" data-aos-delay=\"0\" data-aos-easing=\"ease\" data-aos-once=\"true\" class=\"wp-block-uagb-container uagb-block-277ee6b3 alignfull uagb-is-root-container\"><div class=\"uagb-container-inner-blocks-wrap\">\n<div class=\"wp-block-uagb-image alignleft uagb-block-96f65fc6 wp-block-uagb-image--layout-default wp-block-uagb-image--effect-zoomin wp-block-uagb-image--align-left\"><figure class=\"wp-block-uagb-image__figure\"><img decoding=\"async\" srcset=\"https:\/\/torresengenhariacivil.com.br\/wp-content\/uploads\/2025\/03\/imagem_2025-03-07_184145959.png ,https:\/\/torresengenhariacivil.com.br\/wp-content\/uploads\/2025\/03\/imagem_2025-03-07_184145959.png 780w, https:\/\/torresengenhariacivil.com.br\/wp-content\/uploads\/2025\/03\/imagem_2025-03-07_184145959.png 360w\" sizes=\"auto, (max-width: 480px) 150px\" src=\"https:\/\/torresengenhariacivil.com.br\/wp-content\/uploads\/2025\/03\/imagem_2025-03-07_184145959.png\" alt=\"\" class=\"uag-image-2464\" width=\"969\" height=\"450\" title=\"imagem_2025-03-07_184145959\" loading=\"lazy\" role=\"img\"\/><\/figure><\/div>\n\n\n\n<div class=\"wp-block-uagb-info-box uagb-block-31fec0ba uagb-infobox__content-wrap  uagb-infobox-icon-above-title uagb-infobox-image-valign-top\"><div class=\"uagb-ifb-content\"><div class=\"uagb-ifb-title-wrap\"><h2 class=\"uagb-ifb-title\">Regulariza\u00e7\u00f5es de Im\u00f3veis:<\/h2><\/div><p class=\"uagb-ifb-desc\">Visita t\u00e9cnica para levantamento de dados, regulariza\u00e7\u00e3o de im\u00f3veis antigos e novos, aprova\u00e7\u00e3o na prefeitura para obten\u00e7\u00e3o de alvar\u00e1 e acompanhamento do processo de CVCO e HABITE-SE;<\/p><\/div><\/div>\n<\/div><\/div>\n\n\n\n<div data-aos= \"fade-right\" data-aos-duration=\"400\" data-aos-delay=\"0\" data-aos-easing=\"ease\" data-aos-once=\"true\" class=\"wp-block-uagb-container uagb-block-2c3f6012 alignfull uagb-is-root-container\"><div class=\"uagb-container-inner-blocks-wrap\">\n<div class=\"wp-block-uagb-info-box uagb-block-c6990053 uagb-infobox__content-wrap  uagb-infobox-icon-above-title uagb-infobox-image-valign-top\"><div class=\"uagb-ifb-content\"><div class=\"uagb-ifb-title-wrap\"><h2 class=\"uagb-ifb-title\">Levantamentos topogr\u00e1ficos, desmembramentos\/ subdivis\u00f5es, georreferenciamento:<\/h2><\/div><p class=\"uagb-ifb-desc\">&#8211; Levantamentos topogr\u00e1ficos para confer\u00eancia de \u00e1reas, usucapi\u00e3o,  retifica\u00e7\u00e3o de matr\u00edcula, com modelo adequado e aceito pelo Registro de Im\u00f3veis;<br>&#8211; Desmembramentos e subdivis\u00f5es de terrenos, com modelo adequado para aprova\u00e7\u00e3o na prefeitura e posterior averba\u00e7\u00e3o no Registro de Im\u00f3veis;<br>&#8211; Georreferenciamento de \u00e1reas rurais, CAR e demais regulariza\u00e7\u00f5es de \u00e1reas rurais;<\/p><\/div><\/div>\n\n\n\n<div class=\"wp-block-uagb-image alignleft uagb-block-6336ca4f wp-block-uagb-image--layout-default wp-block-uagb-image--effect-zoomin wp-block-uagb-image--align-left\"><figure class=\"wp-block-uagb-image__figure\"><img decoding=\"async\" srcset=\"https:\/\/torresengenhariacivil.com.br\/wp-content\/uploads\/2025\/03\/imagem_2025-03-07_184800140.png ,https:\/\/torresengenhariacivil.com.br\/wp-content\/uploads\/2025\/03\/imagem_2025-03-07_184800140.png 780w, https:\/\/torresengenhariacivil.com.br\/wp-content\/uploads\/2025\/03\/imagem_2025-03-07_184800140.png 360w\" sizes=\"auto, (max-width: 480px) 150px\" src=\"https:\/\/torresengenhariacivil.com.br\/wp-content\/uploads\/2025\/03\/imagem_2025-03-07_184800140.png\" alt=\"\" class=\"uag-image-2468\" width=\"971\" height=\"450\" title=\"imagem_2025-03-07_184800140\" loading=\"lazy\" role=\"img\"\/><\/figure><\/div>\n<\/div><\/div>\n\n\n\n<div class=\"wp-block-uagb-separator uagb-block-d7f1bdd6\"><div class=\"wp-block-uagb-separator__inner\" style=\"--my-background-image:\"><\/div><\/div>\n\n\n\n<div data-aos= \"fade\" data-aos-duration=\"400\" data-aos-delay=\"0\" data-aos-easing=\"ease\" data-aos-once=\"true\" class=\"wp-block-uagb-container uagb-block-5pyxgfpt alignfull uagb-is-root-container\"><div class=\"uagb-container-inner-blocks-wrap\">\n<div class=\"wp-block-uagb-info-box uagb-block-4xxbvsa9 uagb-infobox__content-wrap  uagb-infobox-icon-above-title uagb-infobox-image-valign-top\"><div class=\"uagb-ifb-content\"><div class=\"uagb-ifb-title-wrap\"><p class=\"uagb-ifb-title-prefix\">Um compromisso com a Inova\u00e7\u00e3o e Sustentabilidade<\/p><h2 class=\"uagb-ifb-title\">Precisando do nosso Servi\u00e7o?<\/h2><\/div><p class=\"uagb-ifb-desc\">Entre em contato pelo link abaixo:<\/p><\/div><\/div>\n\n\n\n<div class=\"wp-block-uagb-buttons uagb-buttons__outer-wrap uagb-btn__default-btn uagb-btn-tablet__default-btn uagb-btn-mobile__default-btn uagb-block-9lfu7h0m\"><div class=\"uagb-buttons__wrap uagb-buttons-layout-wrap \">\n<div class=\"wp-block-uagb-buttons-child uagb-buttons__outer-wrap uagb-block-8l9yvcfu wp-block-button\"><div class=\"uagb-button__wrapper\"><a class=\"uagb-buttons-repeater wp-block-button__link\" aria-label=\"\" href=\"https:\/\/api.whatsapp.com\/send\/?phone=5541998173129&amp;text=Vim+pelo+site&amp;type=phone_number&amp;app_absent=0\" rel=\"follow noopener\" target=\"_blank\" role=\"button\"><div class=\"uagb-button__link\">Entrar em contato<\/div><\/a><\/div><\/div>\n<\/div><\/div>\n<\/div><\/div>\n\n\n\n<div class=\"wp-block-uagb-container uagb-block-rmxjianx alignfull uagb-is-root-container\"><div class=\"uagb-container-inner-blocks-wrap\">\n<div class=\"wp-block-uagb-container uagb-block-fkukdo0r\">\n<div class=\"wp-block-uagb-info-box uagb-block-gqa4avaf uagb-infobox__content-wrap  uagb-infobox-icon-left uagb-infobox-left uagb-infobox-image-valign-top\"><div class=\"uagb-ifb-icon-wrap\"><svg xmlns=\"https:\/\/www.w3.org\/2000\/svg\" viewBox=\"0 0 384 512\"><path d=\"M168.3 499.2C116.1 435 0 279.4 0 192C0 85.96 85.96 0 192 0C298 0 384 85.96 384 192C384 279.4 267 435 215.7 499.2C203.4 514.5 180.6 514.5 168.3 499.2H168.3zM192 256C227.3 256 256 227.3 256 192C256 156.7 227.3 128 192 128C156.7 128 128 156.7 128 192C128 227.3 156.7 256 192 256z\"><\/path><\/svg><\/div><div class=\"uagb-ifb-content\"><div class=\"uagb-ifb-title-wrap\"><p class=\"uagb-ifb-title\">localiza\u00e7\u00e3o<\/p><\/div><p class=\"uagb-ifb-desc\"><a href=\"https:\/\/www.google.com\/maps\/place\/R.+Emiliano+Perneta,+2215+-+Centro,+Campo+Largo+-+PR,+83601-220,+Brasil\/@-25.4630506,-49.5334038,16.75z\/data=!4m15!1m8!3m7!1s0x94dd177eaaa48b3d:0xf72200a1636036fb!2sR.+Emiliano+Perneta,+2215+-+Centro,+Campo+Largo+-+PR,+83601-220,+Brasil!3b1!8m2!3d-25.4637679!4d-49.5330059!16s%2Fg%2F11c4cn9tzm!3m5!1s0x94dd177eaaa48b3d:0xf72200a1636036fb!8m2!3d-25.4637679!4d-49.5330059!16s%2Fg%2F11c4cn9tzm?hl=pt&amp;entry=ttu&amp;g_ep=EgoyMDI1MDIxOS4xIKXMDSoJLDEwMjExNDU1SAFQAw%3D%3D\" data-type=\"link\" data-id=\"https:\/\/www.google.com\/maps\/place\/R.+Emiliano+Perneta,+2215+-+Centro,+Campo+Largo+-+PR,+83601-220,+Brasil\/@-25.4630506,-49.5334038,16.75z\/data=!4m15!1m8!3m7!1s0x94dd177eaaa48b3d:0xf72200a1636036fb!2sR.+Emiliano+Perneta,+2215+-+Centro,+Campo+Largo+-+PR,+83601-220,+Brasil!3b1!8m2!3d-25.4637679!4d-49.5330059!16s%2Fg%2F11c4cn9tzm!3m5!1s0x94dd177eaaa48b3d:0xf72200a1636036fb!8m2!3d-25.4637679!4d-49.5330059!16s%2Fg%2F11c4cn9tzm?hl=pt&amp;entry=ttu&amp;g_ep=EgoyMDI1MDIxOS4xIKXMDSoJLDEwMjExNDU1SAFQAw%3D%3D\">R. Emiliano Perneta, <\/a><a href=\"https:\/\/www.google.com\/maps\/place\/R.+Emiliano+Perneta,+2215+-+Centro,+Campo+Largo+-+PR,+83601-220,+Brasil\/@-25.4630506,-49.5334038,16.75z\/data=!4m15!1m8!3m7!1s0x94dd177eaaa48b3d:0xf72200a1636036fb!2sR.+Emiliano+Perneta,+2215+-+Centro,+Campo+Largo+-+PR,+83601-220,+Brasil!3b1!8m2!3d-25.4637679!4d-49.5330059!16s%2Fg%2F11c4cn9tzm!3m5!1s0x94dd177eaaa48b3d:0xf72200a1636036fb!8m2!3d-25.4637679!4d-49.5330059!16s%2Fg%2F11c4cn9tzm?hl=pt&amp;entry=ttu&amp;g_ep=EgoyMDI1MDIxOS4xIKXMDSoJLDEwMjExNDU1SAFQAw%3D%3D\" data-type=\"link\" data-id=\"https:\/\/www.google.com\/maps\/place\/R.+Emiliano+Perneta,+2215+-+Centro,+Campo+Largo+-+PR,+83601-220,+Brasil\/@-25.4630506,-49.5334038,16.75z\/data=!4m15!1m8!3m7!1s0x94dd177eaaa48b3d:0xf72200a1636036fb!2sR.+Emiliano+Perneta,+2215+-+Centro,+Campo+Largo+-+PR,+83601-220,+Brasil!3b1!8m2!3d-25.4637679!4d-49.5330059!16s%2Fg%2F11c4cn9tzm!3m5!1s0x94dd177eaaa48b3d:0xf72200a1636036fb!8m2!3d-25.4637679!4d-49.5330059!16s%2Fg%2F11c4cn9tzm?hl=pt&amp;entry=ttu&amp;g_ep=EgoyMDI1MDIxOS4xIKXMDSoJLDEwMjExNDU1SAFQAw%3D%3D\" target=\"_blank\" rel=\"noreferrer noopener\">2215 <\/a><a href=\"https:\/\/www.google.com\/maps\/place\/R.+Emiliano+Perneta,+2215+-+Centro,+Campo+Largo+-+PR,+83601-220,+Brasil\/@-25.4630506,-49.5334038,16.75z\/data=!4m15!1m8!3m7!1s0x94dd177eaaa48b3d:0xf72200a1636036fb!2sR.+Emiliano+Perneta,+2215+-+Centro,+Campo+Largo+-+PR,+83601-220,+Brasil!3b1!8m2!3d-25.4637679!4d-49.5330059!16s%2Fg%2F11c4cn9tzm!3m5!1s0x94dd177eaaa48b3d:0xf72200a1636036fb!8m2!3d-25.4637679!4d-49.5330059!16s%2Fg%2F11c4cn9tzm?hl=pt&amp;entry=ttu&amp;g_ep=EgoyMDI1MDIxOS4xIKXMDSoJLDEwMjExNDU1SAFQAw%3D%3D\" data-type=\"link\" data-id=\"https:\/\/www.google.com\/maps\/place\/R.+Emiliano+Perneta,+2215+-+Centro,+Campo+Largo+-+PR,+83601-220,+Brasil\/@-25.4630506,-49.5334038,16.75z\/data=!4m15!1m8!3m7!1s0x94dd177eaaa48b3d:0xf72200a1636036fb!2sR.+Emiliano+Perneta,+2215+-+Centro,+Campo+Largo+-+PR,+83601-220,+Brasil!3b1!8m2!3d-25.4637679!4d-49.5330059!16s%2Fg%2F11c4cn9tzm!3m5!1s0x94dd177eaaa48b3d:0xf72200a1636036fb!8m2!3d-25.4637679!4d-49.5330059!16s%2Fg%2F11c4cn9tzm?hl=pt&amp;entry=ttu&amp;g_ep=EgoyMDI1MDIxOS4xIKXMDSoJLDEwMjExNDU1SAFQAw%3D%3D\">&#8211; Centro<\/a><\/p><\/div><\/div>\n\n\n\n<div class=\"wp-block-uagb-info-box uagb-block-qdhw6wl2 uagb-infobox__content-wrap  uagb-infobox-icon-left uagb-infobox-left uagb-infobox-image-valign-top\"><div class=\"uagb-ifb-icon-wrap\"><svg xmlns=\"https:\/\/www.w3.org\/2000\/svg\" viewBox=\"0 0 512 512\"><path d=\"M464 64C490.5 64 512 85.49 512 112C512 127.1 504.9 141.3 492.8 150.4L275.2 313.6C263.8 322.1 248.2 322.1 236.8 313.6L19.2 150.4C7.113 141.3 0 127.1 0 112C0 85.49 21.49 64 48 64H464zM217.6 339.2C240.4 356.3 271.6 356.3 294.4 339.2L512 176V384C512 419.3 483.3 448 448 448H64C28.65 448 0 419.3 0 384V176L217.6 339.2z\"><\/path><\/svg><\/div><div class=\"uagb-ifb-content\"><div class=\"uagb-ifb-title-wrap\"><p class=\"uagb-ifb-title\">Email<\/p><\/div><p class=\"uagb-ifb-desc\"><a href=\"mailto:torres.engenhariacivil2022@gmail.com\">torres.engenhariacivil2022@gmail.com<\/a><\/p><\/div><\/div>\n\n\n\n<div class=\"wp-block-uagb-info-box uagb-block-otz8vrgt uagb-infobox__content-wrap  uagb-infobox-icon-left uagb-infobox-left uagb-infobox-image-valign-top\"><div class=\"uagb-ifb-icon-wrap\"><svg xmlns=\"https:\/\/www.w3.org\/2000\/svg\" viewBox=\"0 0 512 512\"><path d=\"M511.2 387l-23.25 100.8c-3.266 14.25-15.79 24.22-30.46 24.22C205.2 512 0 306.8 0 54.5c0-14.66 9.969-27.2 24.22-30.45l100.8-23.25C139.7-2.602 154.7 5.018 160.8 18.92l46.52 108.5c5.438 12.78 1.77 27.67-8.98 36.45L144.5 207.1c33.98 69.22 90.26 125.5 159.5 159.5l44.08-53.8c8.688-10.78 23.69-14.51 36.47-8.975l108.5 46.51C506.1 357.2 514.6 372.4 511.2 387z\"><\/path><\/svg><\/div><div class=\"uagb-ifb-content\"><div class=\"uagb-ifb-title-wrap\"><p class=\"uagb-ifb-title\">telefone | whatsapp<\/p><\/div><p class=\"uagb-ifb-desc\"><a href=\"https:\/\/api.whatsapp.com\/send\/?phone=5541998173129&amp;text=Ol%C3%A1+estou+entrando+em+contato+pelo+site&amp;type=phone_number&amp;app_absent=0\" data-type=\"link\" data-id=\"https:\/\/api.whatsapp.com\/send\/?phone=5541998173129&amp;text=Ol%C3%A1+estou+entrando+em+contato+pelo+site&amp;type=phone_number&amp;app_absent=0\">(41) 99817-3129;<\/a><\/p><\/div><\/div>\n<\/div>\n\n\n\n<div class=\"wp-block-uagb-container uagb-block-ursc5wef\">\t\t\t<div \n\t\t\tclass=\"wp-block-uagb-google-map uagb-google-map__wrap uagb-block-tbokvqh2     \"\n\t\t\tstyle=\"\" >\n\t\t\t\t<embed\n\t\t\t\t\tclass=\"uagb-google-map__iframe\"\n\t\t\t\t\ttitle=\"Mapa do Google para \"\n\t\t\t\t\tsrc=\"https:\/\/maps.google.com\/maps?q=Rua%20Emiliano%20Perneta%2C%202215%20%E2%80%93%20Campo%20Largo%20PR%3B&#038;z=12&#038;hl=pt&#038;t=m&#038;output=embed&#038;iwloc=near\"\n\t\t\t\t\twidth=\"640\"\n\t\t\t\t\theight=\"720\"\n\t\t\t\t\tloading=\"lazy\"\n\t\t\t\t><\/embed>\n\t\t\t<\/div>\n\t\t\t\n\n\n<div class=\"wp-block-uagb-container uagb-block-37939eb7\"><div class=\"wpforms-container wpforms-block wpforms-block-6f0f8b5a-7e7b-4d6e-8bad-f3434c474d6a wpforms-render-modern\" id=\"wpforms-2077\"><form id=\"wpforms-form-2077\" class=\"wpforms-validate wpforms-form wpforms-ajax-form\" data-formid=\"2077\" method=\"post\" enctype=\"multipart\/form-data\" action=\"\/index.php?rest_route=%2Fwp%2Fv2%2Fpages%2F2382\" data-token=\"b6c5facab6f23fb6d40634984731e9dc\" data-token-time=\"1777468873\"><noscript class=\"wpforms-error-noscript\">Ative o JavaScript no seu navegador para preencher este formul\u00e1rio.<\/noscript><div id=\"wpforms-error-noscript\" style=\"display: none;\">Ative o JavaScript no seu navegador para preencher este formul\u00e1rio.<\/div><div class=\"wpforms-field-container\"><div id=\"wpforms-2077-field_1-container\" class=\"wpforms-field wpforms-field-name\" data-field-id=\"1\"><fieldset><legend class=\"wpforms-field-label\">Nome <span class=\"wpforms-required-label\" aria-hidden=\"true\">*<\/span><\/legend><div class=\"wpforms-field-row wpforms-field-medium\"><div class=\"wpforms-field-row-block wpforms-first wpforms-one-half\"><input type=\"text\" id=\"wpforms-2077-field_1\" class=\"wpforms-field-name-first wpforms-field-required\" name=\"wpforms[fields][1][first]\" aria-errormessage=\"wpforms-2077-field_1-error\" required><label for=\"wpforms-2077-field_1\" class=\"wpforms-field-sublabel after\">Nome<\/label><\/div><div class=\"wpforms-field-row-block wpforms-one-half\"><input type=\"text\" id=\"wpforms-2077-field_1-last\" class=\"wpforms-field-name-last wpforms-field-required\" name=\"wpforms[fields][1][last]\" aria-errormessage=\"wpforms-2077-field_1-last-error\" required><label for=\"wpforms-2077-field_1-last\" class=\"wpforms-field-sublabel after\">Sobrenome<\/label><\/div><\/div><\/fieldset><\/div><div id=\"wpforms-2077-field_2-container\" class=\"wpforms-field wpforms-field-email\" data-field-id=\"2\"><label class=\"wpforms-field-label\" for=\"wpforms-2077-field_2\">E-mail <span class=\"wpforms-required-label\" aria-hidden=\"true\">*<\/span><\/label><input type=\"email\" id=\"wpforms-2077-field_2\" class=\"wpforms-field-medium wpforms-field-required\" name=\"wpforms[fields][2]\" spellcheck=\"false\" aria-errormessage=\"wpforms-2077-field_2-error\" required><\/div><div id=\"wpforms-2077-field_5-container\" class=\"wpforms-field wpforms-field-number\" data-field-id=\"5\"><label class=\"wpforms-field-label\" for=\"wpforms-2077-field_5\">Telefone ou Whatsapp<\/label><input type=\"number\" id=\"wpforms-2077-field_5\" class=\"wpforms-field-medium\" name=\"wpforms[fields][5]\" step=\"any\" aria-errormessage=\"wpforms-2077-field_5-error\" ><\/div>\t\t<div id=\"wpforms-2077-field_4-container\"\n\t\t\tclass=\"wpforms-field wpforms-field-text\"\n\t\t\tdata-field-type=\"text\"\n\t\t\tdata-field-id=\"4\"\n\t\t\t>\n\t\t\t<label class=\"wpforms-field-label\" for=\"wpforms-2077-field_4\" >ou Mensagem E-mail<\/label>\n\t\t\t<input type=\"text\" id=\"wpforms-2077-field_4\" class=\"wpforms-field-medium\" name=\"wpforms[fields][4]\" >\n\t\t<\/div>\n\t\t<div id=\"wpforms-2077-field_3-container\" class=\"wpforms-field wpforms-field-textarea\" data-field-id=\"3\"><label class=\"wpforms-field-label\" for=\"wpforms-2077-field_3\">Mensagem<\/label><textarea id=\"wpforms-2077-field_3\" class=\"wpforms-field-medium\" name=\"wpforms[fields][3]\" aria-errormessage=\"wpforms-2077-field_3-error\" ><\/textarea><\/div><script>\n\t\t\t\t( function() {\n\t\t\t\t\tconst style = document.createElement( 'style' );\n\t\t\t\t\tstyle.appendChild( document.createTextNode( '#wpforms-2077-field_4-container { position: absolute !important; overflow: hidden !important; display: inline !important; height: 1px !important; width: 1px !important; z-index: -1000 !important; padding: 0 !important; } #wpforms-2077-field_4-container input { visibility: hidden; } #wpforms-conversational-form-page #wpforms-2077-field_4-container label { counter-increment: none; }' ) );\n\t\t\t\t\tdocument.head.appendChild( style );\n\t\t\t\t\tdocument.currentScript?.remove();\n\t\t\t\t} )();\n\t\t\t<\/script><\/div><!-- .wpforms-field-container --><div class=\"wpforms-submit-container\" ><input type=\"hidden\" name=\"wpforms[id]\" value=\"2077\"><input type=\"hidden\" name=\"page_title\" value=\"\"><input type=\"hidden\" name=\"page_url\" value=\"https:\/\/torresengenhariacivil.com.br\/index.php?rest_route=\/wp\/v2\/pages\/2382\"><input type=\"hidden\" name=\"url_referer\" value=\"\"><button type=\"submit\" name=\"wpforms[submit]\" id=\"wpforms-submit-2077\" class=\"wpforms-submit\" data-alt-text=\"Enviando\u2026\" data-submit-text=\"Enviar\" aria-live=\"assertive\" value=\"wpforms-submit\">Enviar<\/button><img loading=\"lazy\" decoding=\"async\" src=\"https:\/\/torresengenhariacivil.com.br\/wp-content\/plugins\/wpforms-lite\/assets\/images\/submit-spin.svg\" class=\"wpforms-submit-spinner\" style=\"display: none;\" width=\"26\" height=\"26\" alt=\"Carregando\"><\/div><\/form><\/div>  <!-- .wpforms-container --><\/div>\n<\/div>\n<\/div><\/div>\n\n\n\n<p id=\"CONTATO\">.<\/p>\n\n\n\n<p><\/p>\n","protected":false},"excerpt":{"rendered":"<p>.<\/p>\n","protected":false},"author":1,"featured_media":0,"parent":0,"menu_order":0,"comment_status":"closed","ping_status":"closed","template":"","meta":{"_uag_custom_page_level_css":"","site-sidebar-layout":"default","site-content-layout":"","ast-site-content-layout":"default","site-content-style":"default","site-sidebar-style":"default","ast-global-header-display":"","ast-banner-title-visibility":"","ast-main-header-display":"","ast-hfb-above-header-display":"","ast-hfb-below-header-display":"","ast-hfb-mobile-header-display":"","site-post-title":"disabled","ast-breadcrumbs-content":"","ast-featured-img":"","footer-sml-layout":"","ast-disable-related-posts":"","theme-transparent-header-meta":"","adv-header-id-meta":"","stick-header-meta":"","header-above-stick-meta":"","header-main-stick-meta":"","header-below-stick-meta":"","astra-migrate-meta-layouts":"set","ast-page-background-enabled":"default","ast-page-background-meta":{"desktop":{"background-color":"","background-image":"","background-repeat":"repeat","background-position":"center center","background-size":"auto","background-attachment":"scroll","background-type":"","background-media":"","overlay-type":"","overlay-color":"","overlay-opacity":"","overlay-gradient":""},"tablet":{"background-color":"","background-image":"","background-repeat":"repeat","background-position":"center center","background-size":"auto","background-attachment":"scroll","background-type":"","background-media":"","overlay-type":"","overlay-color":"","overlay-opacity":"","overlay-gradient":""},"mobile":{"background-color":"","background-image":"","background-repeat":"repeat","background-position":"center center","background-size":"auto","background-attachment":"scroll","background-type":"","background-media":"","overlay-type":"","overlay-color":"","overlay-opacity":"","overlay-gradient":""}},"ast-content-background-meta":{"desktop":{"background-color":"var(--ast-global-color-5)","background-image":"","background-repeat":"repeat","background-position":"center center","background-size":"auto","background-attachment":"scroll","background-type":"","background-media":"","overlay-type":"","overlay-color":"","overlay-opacity":"","overlay-gradient":""},"tablet":{"background-color":"var(--ast-global-color-5)","background-image":"","background-repeat":"repeat","background-position":"center center","background-size":"auto","background-attachment":"scroll","background-type":"","background-media":"","overlay-type":"","overlay-color":"","overlay-opacity":"","overlay-gradient":""},"mobile":{"background-color":"var(--ast-global-color-5)","background-image":"","background-repeat":"repeat","background-position":"center center","background-size":"auto","background-attachment":"scroll","background-type":"","background-media":"","overlay-type":"","overlay-color":"","overlay-opacity":"","overlay-gradient":""}},"footnotes":""},"class_list":["post-2382","page","type-page","status-publish","hentry"],"uagb_featured_image_src":{"full":false,"thumbnail":false,"medium":false,"medium_large":false,"large":false,"1536x1536":false,"2048x2048":false,"depicter-thumbnail":false},"uagb_author_info":{"display_name":"Torres Engenharia","author_link":"https:\/\/torresengenhariacivil.com.br\/?author=1"},"uagb_comment_info":0,"uagb_excerpt":".","_links":{"self":[{"href":"https:\/\/torresengenhariacivil.com.br\/index.php?rest_route=\/wp\/v2\/pages\/2382","targetHints":{"allow":["GET"]}}],"collection":[{"href":"https:\/\/torresengenhariacivil.com.br\/index.php?rest_route=\/wp\/v2\/pages"}],"about":[{"href":"https:\/\/torresengenhariacivil.com.br\/index.php?rest_route=\/wp\/v2\/types\/page"}],"author":[{"embeddable":true,"href":"https:\/\/torresengenhariacivil.com.br\/index.php?rest_route=\/wp\/v2\/users\/1"}],"replies":[{"embeddable":true,"href":"https:\/\/torresengenhariacivil.com.br\/index.php?rest_route=%2Fwp%2Fv2%2Fcomments&post=2382"}],"version-history":[{"count":6,"href":"https:\/\/torresengenhariacivil.com.br\/index.php?rest_route=\/wp\/v2\/pages\/2382\/revisions"}],"predecessor-version":[{"id":2500,"href":"https:\/\/torresengenhariacivil.com.br\/index.php?rest_route=\/wp\/v2\/pages\/2382\/revisions\/2500"}],"wp:attachment":[{"href":"https:\/\/torresengenhariacivil.com.br\/index.php?rest_route=%2Fwp%2Fv2%2Fmedia&parent=2382"}],"curies":[{"name":"wp","href":"https:\/\/api.w.org\/{rel}","templated":true}]}}